{"id":66673,"date":"2024-07-19T05:07:00","date_gmt":"2024-07-19T05:07:00","guid":{"rendered":"https:\/\/wordpress.zozothemes.com\/garland\/?page_id=66673"},"modified":"2025-03-01T16:14:24","modified_gmt":"2025-03-01T15:14:24","slug":"user-service","status":"publish","type":"page","link":"https:\/\/tierphysio-deeke.de\/?page_id=66673","title":{"rendered":"Service"},"content":{"rendered":"\t\t<div data-elementor-type=\"wp-page\" data-elementor-id=\"66673\" class=\"elementor elementor-66673\">\n\t\t\t\t\t\t<section class=\"elementor-section elementor-top-section elementor-element elementor-element-1b5e38c0 elementor-section-stretched elementor-section-boxed elementor-section-height-default elementor-section-height-default\" data-id=\"1b5e38c0\" data-element_type=\"section\" data-settings=\"{&quot;stretch_section&quot;:&quot;section-stretched&quot;}\">\n\t\t\t\t\t\t<div class=\"elementor-container elementor-column-gap-default\">\n\t\t\t\t\t<div class=\"elementor-column elementor-col-100 elementor-top-column elementor-element elementor-element-76a9036c\" data-id=\"76a9036c\" data-element_type=\"column\">\n\t\t\t<div class=\"elementor-widget-wrap elementor-element-populated\">\n\t\t\t\t\t\t<div class=\"elementor-element elementor-element-7f395608 elementor-invisible elementor-widget elementor-widget-ceaservice\" data-id=\"7f395608\" data-element_type=\"widget\" data-settings=\"{&quot;_animation&quot;:&quot;fadeInRight&quot;}\" data-widget_type=\"ceaservice.default\">\n\t\t\t\t\n\t\t<div class=\"elementor-widget-container service-wrapper service-style-classic-pro service-light service-normal-model\">\n\t\t\n\t\t\t<div class=\"row\"><div class=\"col-lg-4 col-md-4\" ><div class=\"service-inner\"><div class=\"post-thumb\"><a href=\"https:\/\/tierphysio-deeke.de\/?cea-service=altersbedingte-beschwerden-2\" class=\"post-image-link\"><img decoding=\"async\" src=\"https:\/\/tierphysio-deeke.de\/wp-content\/uploads\/2024\/07\/hund-katze.jpg\" title=\"hund-katze\" alt=\"hund-katze\" class=\"img-fluid squared\" \/><\/a><\/div><!-- .post-thumb --><div class=\"post-details-outer\"><div class=\"service-icon-img-wrap\"><img decoding=\"async\" src=\"https:\/\/tierphysio-deeke.de\/wp-content\/uploads\/2024\/07\/herz.png\" class=\"img-fluid service-icon-img\" alt=\"Altersbedingte Beschwerden\" \/><\/div><div class=\"entry-title\"><h4 class=\"post-title-head\"><a href=\"https:\/\/tierphysio-deeke.de\/?cea-service=altersbedingte-beschwerden-2\" class=\"post-title\">Altersbedingte Beschwerden<\/a><\/h4><\/div><!-- .entry-title --><div class=\"post-excerpt\">Altersbedingte Beschwerden Seniorentiere haben h\u00e4ufig mit Mobilit\u00e4tsproblemen und Schmerzen..<\/div><!-- .post-excerpt --><div class=\"top-meta clearfix\"><ul class=\"nav top-meta-list meta-left\"><li><div class=\"post-more\"><a href=\"https:\/\/tierphysio-deeke.de\/?cea-service=altersbedingte-beschwerden-2\" class=\"read-more elementor-button\">Weiterlesen<\/a><\/div><\/li><\/ul><\/div><\/div><!-- .post-details-outer --><\/div><!-- .service-inner --><\/div><!-- .col \/ .owl-carousel-item \/ .isotope --><div class=\"col-lg-4 col-md-4\" ><div class=\"service-inner\"><div class=\"post-thumb\"><a href=\"https:\/\/tierphysio-deeke.de\/?cea-service=traumarehabilitation-2\" class=\"post-image-link\"><img decoding=\"async\" src=\"https:\/\/tierphysio-deeke.de\/wp-content\/uploads\/2024\/07\/hund-katze-1.jpg\" title=\"hund-katze-1\" alt=\"hund-katze\" class=\"img-fluid squared img-fluid squared\" \/><\/a><\/div><!-- .post-thumb --><div class=\"post-details-outer\"><div class=\"service-icon-img-wrap\"><img decoding=\"async\" src=\"https:\/\/tierphysio-deeke.de\/wp-content\/uploads\/2024\/07\/herz.png\" class=\"img-fluid service-icon-img\" alt=\"Traumarehabilitation\" \/><\/div><div class=\"entry-title\"><h4 class=\"post-title-head\"><a href=\"https:\/\/tierphysio-deeke.de\/?cea-service=traumarehabilitation-2\" class=\"post-title\">Traumarehabilitation<\/a><\/h4><\/div><!-- .entry-title --><div class=\"post-excerpt\">Traumarehabilitation: Bei Verletzungen, wie Frakturen oder Muskelzerrungen, unterst\u00fctzt die..<\/div><!-- .post-excerpt --><div class=\"top-meta clearfix\"><ul class=\"nav top-meta-list meta-left\"><li><div class=\"post-more\"><a href=\"https:\/\/tierphysio-deeke.de\/?cea-service=traumarehabilitation-2\" class=\"read-more elementor-button\">Weiterlesen<\/a><\/div><\/li><\/ul><\/div><\/div><!-- .post-details-outer --><\/div><!-- .service-inner --><\/div><!-- .col \/ .owl-carousel-item \/ .isotope --><div class=\"col-lg-4 col-md-4\" ><div class=\"service-inner\"><div class=\"post-thumb\"><a href=\"https:\/\/tierphysio-deeke.de\/?cea-service=chronische-schmerzzustaende\" class=\"post-image-link\"><img decoding=\"async\" src=\"https:\/\/tierphysio-deeke.de\/wp-content\/uploads\/2024\/07\/hund-schmerzthrapie.jpg\" title=\"hund-schmerzthrapie\" alt=\"Hund Schmerztherapie\" class=\"img-fluid squared img-fluid squared img-fluid squared\" \/><\/a><\/div><!-- .post-thumb --><div class=\"post-details-outer\"><div class=\"service-icon-img-wrap\"><img decoding=\"async\" src=\"https:\/\/tierphysio-deeke.de\/wp-content\/uploads\/2024\/07\/herz.png\" class=\"img-fluid service-icon-img\" alt=\"Chronische Schmerzzust\u00e4nde\" \/><\/div><div class=\"entry-title\"><h4 class=\"post-title-head\"><a href=\"https:\/\/tierphysio-deeke.de\/?cea-service=chronische-schmerzzustaende\" class=\"post-title\">Chronische Schmerzzust\u00e4nde<\/a><\/h4><\/div><!-- .entry-title --><div class=\"post-excerpt\">Chronische Schmerzzust\u00e4nde: Tiere mit chronischen Schmerzzust\u00e4nden, wie Arthritis oder..<\/div><!-- .post-excerpt --><div class=\"top-meta clearfix\"><ul class=\"nav top-meta-list meta-left\"><li><div class=\"post-more\"><a href=\"https:\/\/tierphysio-deeke.de\/?cea-service=chronische-schmerzzustaende\" class=\"read-more elementor-button\">Weiterlesen<\/a><\/div><\/li><\/ul><\/div><\/div><!-- .post-details-outer --><\/div><!-- .service-inner --><\/div><!-- .col \/ .owl-carousel-item \/ .isotope --><\/div><!-- .row --><div class=\"row\"><div class=\"col-lg-4 col-md-4\" ><div class=\"service-inner\"><div class=\"post-thumb\"><a href=\"https:\/\/tierphysio-deeke.de\/?cea-service=neurologische-erkrankungen-2\" class=\"post-image-link\"><img decoding=\"async\" src=\"https:\/\/tierphysio-deeke.de\/wp-content\/uploads\/2024\/07\/hund-schwarz.jpg\" title=\"hund-schwarz\" alt=\"Tiere mit neurologischen Problemen, wie Bandscheibenvorf\u00e4llen oder neuromuskul\u00e4ren Erkrankungen, k\u00f6nnen durch gezielte physiotherapeutische \u00dcbungen unterst\u00fctzt werden, um ihre Mobilit\u00e4t und Koordination zu verbessern.\" class=\"img-fluid squared img-fluid squared img-fluid squared img-fluid squared\" \/><\/a><\/div><!-- .post-thumb --><div class=\"post-details-outer\"><div class=\"service-icon-img-wrap\"><img decoding=\"async\" src=\"https:\/\/tierphysio-deeke.de\/wp-content\/uploads\/2024\/07\/herz.png\" class=\"img-fluid service-icon-img\" alt=\"Neurologische Erkrankungen\" \/><\/div><div class=\"entry-title\"><h4 class=\"post-title-head\"><a href=\"https:\/\/tierphysio-deeke.de\/?cea-service=neurologische-erkrankungen-2\" class=\"post-title\">Neurologische Erkrankungen<\/a><\/h4><\/div><!-- .entry-title --><div class=\"post-excerpt\">Neurologische Erkrankungen: Tiere mit neurologischen Problemen, wie Bandscheibenvorf\u00e4llen oder..<\/div><!-- .post-excerpt --><div class=\"top-meta clearfix\"><ul class=\"nav top-meta-list meta-left\"><li><div class=\"post-more\"><a href=\"https:\/\/tierphysio-deeke.de\/?cea-service=neurologische-erkrankungen-2\" class=\"read-more elementor-button\">Weiterlesen<\/a><\/div><\/li><\/ul><\/div><\/div><!-- .post-details-outer --><\/div><!-- .service-inner --><\/div><!-- .col \/ .owl-carousel-item \/ .isotope --><div class=\"col-lg-4 col-md-4\" ><div class=\"service-inner\"><div class=\"post-thumb\"><a href=\"https:\/\/tierphysio-deeke.de\/?cea-service=rehabilitation-nach-operation\" class=\"post-image-link\"><img decoding=\"async\" src=\"https:\/\/tierphysio-deeke.de\/wp-content\/uploads\/2024\/07\/hund-stock.jpg\" title=\"hund\" alt=\"Physio Tiere\" class=\"img-fluid squared img-fluid squared img-fluid squared img-fluid squared img-fluid squared\" \/><\/a><\/div><!-- .post-thumb --><div class=\"post-details-outer\"><div class=\"service-icon-img-wrap\"><img decoding=\"async\" src=\"https:\/\/tierphysio-deeke.de\/wp-content\/uploads\/2024\/07\/herz.png\" class=\"img-fluid service-icon-img\" alt=\"Rehabilitation nach Operation\" \/><\/div><div class=\"entry-title\"><h4 class=\"post-title-head\"><a href=\"https:\/\/tierphysio-deeke.de\/?cea-service=rehabilitation-nach-operation\" class=\"post-title\">Rehabilitation nach Operation<\/a><\/h4><\/div><!-- .entry-title --><div class=\"post-excerpt\">Rehabilitation nach Operationen: Nach chirurgischen Eingriffen, wie z.B. Gelenkoperationen..<\/div><!-- .post-excerpt --><div class=\"top-meta clearfix\"><ul class=\"nav top-meta-list meta-left\"><li><div class=\"post-more\"><a href=\"https:\/\/tierphysio-deeke.de\/?cea-service=rehabilitation-nach-operation\" class=\"read-more elementor-button\">Weiterlesen<\/a><\/div><\/li><\/ul><\/div><\/div><!-- .post-details-outer --><\/div><!-- .service-inner --><\/div><!-- .col \/ .owl-carousel-item \/ .isotope --><\/div><!-- .row -->\t\t\t\n\t\t<\/div>\n\t\t\t\t<\/div>\n\t\t\t\t\t<\/div>\n\t\t<\/div>\n\t\t\t\t\t<\/div>\n\t\t<\/section>\n\t\t\t\t<\/div>\n\t\t","protected":false},"excerpt":{"rendered":"<p>Rehabilitation nach Operationen: Rehabilitation nach Operationen: Nach chirurgischen Eingriffen,..<\/p>\n","protected":false},"author":1,"featured_media":0,"parent":0,"menu_order":0,"comment_status":"closed","ping_status":"closed","template":"","meta":{"footnotes":""},"class_list":["post-66673","page","type-page","status-publish","hentry"],"_links":{"self":[{"href":"https:\/\/tierphysio-deeke.de\/index.php?rest_route=\/wp\/v2\/pages\/66673","targetHints":{"allow":["GET"]}}],"collection":[{"href":"https:\/\/tierphysio-deeke.de\/index.php?rest_route=\/wp\/v2\/pages"}],"about":[{"href":"https:\/\/tierphysio-deeke.de\/index.php?rest_route=\/wp\/v2\/types\/page"}],"author":[{"embeddable":true,"href":"https:\/\/tierphysio-deeke.de\/index.php?rest_route=\/wp\/v2\/users\/1"}],"replies":[{"embeddable":true,"href":"https:\/\/tierphysio-deeke.de\/index.php?rest_route=%2Fwp%2Fv2%2Fcomments&post=66673"}],"version-history":[{"count":4,"href":"https:\/\/tierphysio-deeke.de\/index.php?rest_route=\/wp\/v2\/pages\/66673\/revisions"}],"predecessor-version":[{"id":67362,"href":"https:\/\/tierphysio-deeke.de\/index.php?rest_route=\/wp\/v2\/pages\/66673\/revisions\/67362"}],"wp:attachment":[{"href":"https:\/\/tierphysio-deeke.de\/index.php?rest_route=%2Fwp%2Fv2%2Fmedia&parent=66673"}],"curies":[{"name":"wp","href":"https:\/\/api.w.org\/{rel}","templated":true}]}}