{"id":67379,"date":"2025-03-01T20:27:53","date_gmt":"2025-03-01T19:27:53","guid":{"rendered":"https:\/\/tierphysio-deeke.de\/?page_id=67379"},"modified":"2025-03-22T00:05:45","modified_gmt":"2025-03-21T23:05:45","slug":"thermotherapie","status":"publish","type":"page","link":"https:\/\/tierphysio-deeke.de\/?page_id=67379","title":{"rendered":"Thermotherapie"},"content":{"rendered":"\t\t<div data-elementor-type=\"wp-page\" data-elementor-id=\"67379\" class=\"elementor elementor-67379\">\n\t\t\t\t<div class=\"elementor-element elementor-element-f92adfd e-flex e-con-boxed e-con e-parent\" data-id=\"f92adfd\" data-element_type=\"container\">\n\t\t\t\t\t<div class=\"e-con-inner\">\n\t\t\t\t<div class=\"elementor-element elementor-element-f300a9b elementor-widget elementor-widget-heading\" data-id=\"f300a9b\" data-element_type=\"widget\" data-widget_type=\"heading.default\">\n\t\t\t\t<div class=\"elementor-widget-container\">\n\t\t\t\t\t<h2 class=\"elementor-heading-title elementor-size-default\">Thermotherapie<\/h2>\t\t\t\t<\/div>\n\t\t\t\t<\/div>\n\t\t\t\t\t<\/div>\n\t\t\t\t<\/div>\n\t\t<div class=\"elementor-element elementor-element-34d8982 e-flex e-con-boxed e-con e-parent\" data-id=\"34d8982\" data-element_type=\"container\">\n\t\t\t\t\t<div class=\"e-con-inner\">\n\t\t\t\t<div class=\"elementor-element elementor-element-a5c9018 elementor-widget elementor-widget-text-editor\" data-id=\"a5c9018\" data-element_type=\"widget\" data-widget_type=\"text-editor.default\">\n\t\t\t\t<div class=\"elementor-widget-container\">\n\t\t\t\t\t\t\t\t\t<p><span style=\"color: #000000;\">Thermotherapie, die Anwendung von W\u00e4rme oder K\u00e4lte zur Behandlung von Beschwerden, hat eine Vielzahl von positiven<\/span><br \/><span style=\"color: #000000;\">Wirkungen auf den K\u00f6rper. Sie kann in verschiedenen Formen wie zum Beispiel Wickeln oder Rotlicht angewendet<\/span><br \/><span style=\"color: #000000;\">werden.<br \/><\/span><br \/><span style=\"color: #000000;\">Ein sehr wichtiger Punkt ist hierbei die Schmerzlinderung:<\/span><br \/><span style=\"color: #000000;\">W\u00e4rme kann helfen, Schmerzen zu lindern, indem sie die Muskulatur entspannt und die Durchblutung erh\u00f6ht. Dies ist<\/span><br \/><span style=\"color: #000000;\">besonders effektiv bei chronischen Schmerzen, Muskelverspannungen und Gelenkbeschwerden.<br \/><\/span><br \/><span style=\"color: #000000;\">Mit Unterst\u00fctzung der Thermotherapie f\u00f6rdern wir die Entspannung der Muskulatur:<\/span><br \/><span style=\"color: #000000;\">Die Anwendung von W\u00e4rme f\u00f6rdert die Entspannung der Muskulatur, was Verspannungen und Kr\u00e4mpfe reduzieren kann.<\/span><br \/><span style=\"color: #000000;\">Dies kann auch die Beweglichkeit der Gelenke verbessern.<br \/><\/span><br \/><span style=\"color: #000000;\">Ein weiterer Effekt von dem Spiel mit Temperatur ist die Verbesserung der Durchblutung:<\/span><br \/><span style=\"color: #000000;\">W\u00e4rme erweitert die Blutgef\u00e4\u00dfe, was die Durchblutung erh\u00f6ht. Dies f\u00f6rdert die Versorgung der Gewebe mit Sauerstoff und<\/span><br \/><span style=\"color: #000000;\">N\u00e4hrstoffen und unterst\u00fctzt den Heilungsprozess.<br \/><\/span><br \/><span style=\"color: #000000;\">Es kann auch eine Linderung von Entz\u00fcndungen bewirkt werden:<\/span><br \/><span style=\"color: #000000;\">K\u00e4ltetherapie kann Entz\u00fcndungen und Schwellungen reduzieren, indem sie die Blutgef\u00e4\u00dfe verengt und die<\/span><br \/><span style=\"color: #000000;\">Stoffwechselaktivit\u00e4t im betroffenen Bereich verringert. Dies ist besonders n\u00fctzlich nach Verletzungen oder Operationen.<br \/><\/span><br \/><span style=\"color: #000000;\">Durch die allgemeine F\u00f6rderung der Heilung, kann die Verbesserung der Durchblutung und den Abtransport von<\/span><br \/><span style=\"color: #000000;\">Abfallstoffen den Heilungs- und Regenerationsprozess unterst\u00fctzen.<br \/><\/span><\/p><p><br \/><span style=\"color: #000000;\">Insgesamt ist Thermotherapie eine effektive Methode zur Linderung von Schmerzen, zur F\u00f6rderung der Heilung und zur<\/span><br \/><span style=\"color: #000000;\">Verbesserung des allgemeinen Wohlbefindens.<\/span><\/p>\t\t\t\t\t\t\t\t<\/div>\n\t\t\t\t<\/div>\n\t\t\t\t\t<\/div>\n\t\t\t\t<\/div>\n\t\t\t\t<\/div>\n\t\t","protected":false},"excerpt":{"rendered":"<p>Thermotherapie Thermotherapie, die Anwendung von W\u00e4rme oder K\u00e4lte zur Behandlung von Beschwerden, hat eine Vielzahl von positivenWirkungen auf den K\u00f6rper. Sie kann in verschiedenen Formen wie zum Beispiel Wickeln..<\/p>\n","protected":false},"author":1,"featured_media":0,"parent":0,"menu_order":0,"comment_status":"closed","ping_status":"closed","template":"","meta":{"footnotes":""},"class_list":["post-67379","page","type-page","status-publish","hentry"],"_links":{"self":[{"href":"https:\/\/tierphysio-deeke.de\/index.php?rest_route=\/wp\/v2\/pages\/67379","targetHints":{"allow":["GET"]}}],"collection":[{"href":"https:\/\/tierphysio-deeke.de\/index.php?rest_route=\/wp\/v2\/pages"}],"about":[{"href":"https:\/\/tierphysio-deeke.de\/index.php?rest_route=\/wp\/v2\/types\/page"}],"author":[{"embeddable":true,"href":"https:\/\/tierphysio-deeke.de\/index.php?rest_route=\/wp\/v2\/users\/1"}],"replies":[{"embeddable":true,"href":"https:\/\/tierphysio-deeke.de\/index.php?rest_route=%2Fwp%2Fv2%2Fcomments&post=67379"}],"version-history":[{"count":7,"href":"https:\/\/tierphysio-deeke.de\/index.php?rest_route=\/wp\/v2\/pages\/67379\/revisions"}],"predecessor-version":[{"id":67556,"href":"https:\/\/tierphysio-deeke.de\/index.php?rest_route=\/wp\/v2\/pages\/67379\/revisions\/67556"}],"wp:attachment":[{"href":"https:\/\/tierphysio-deeke.de\/index.php?rest_route=%2Fwp%2Fv2%2Fmedia&parent=67379"}],"curies":[{"name":"wp","href":"https:\/\/api.w.org\/{rel}","templated":true}]}}