{"id":67392,"date":"2025-03-01T20:34:02","date_gmt":"2025-03-01T19:34:02","guid":{"rendered":"https:\/\/tierphysio-deeke.de\/?page_id=67392"},"modified":"2025-03-21T23:49:21","modified_gmt":"2025-03-21T22:49:21","slug":"massage","status":"publish","type":"page","link":"https:\/\/tierphysio-deeke.de\/?page_id=67392","title":{"rendered":"Massage"},"content":{"rendered":"\t\t<div data-elementor-type=\"wp-page\" data-elementor-id=\"67392\" class=\"elementor elementor-67392\">\n\t\t\t\t<div class=\"elementor-element elementor-element-df6c1b6 e-flex e-con-boxed e-con e-parent\" data-id=\"df6c1b6\" data-element_type=\"container\">\n\t\t\t\t\t<div class=\"e-con-inner\">\n\t\t\t\t<div class=\"elementor-element elementor-element-e819697 elementor-widget elementor-widget-heading\" data-id=\"e819697\" data-element_type=\"widget\" data-widget_type=\"heading.default\">\n\t\t\t\t<div class=\"elementor-widget-container\">\n\t\t\t\t\t<h2 class=\"elementor-heading-title elementor-size-default\">Massage<\/h2>\t\t\t\t<\/div>\n\t\t\t\t<\/div>\n\t\t\t\t\t<\/div>\n\t\t\t\t<\/div>\n\t\t<div class=\"elementor-element elementor-element-af376d9 e-flex e-con-boxed e-con e-parent\" data-id=\"af376d9\" data-element_type=\"container\">\n\t\t\t\t\t<div class=\"e-con-inner\">\n\t\t\t\t<div class=\"elementor-element elementor-element-ce82f2e elementor-widget elementor-widget-text-editor\" data-id=\"ce82f2e\" data-element_type=\"widget\" data-widget_type=\"text-editor.default\">\n\t\t\t\t<div class=\"elementor-widget-container\">\n\t\t\t\t\t\t\t\t\t<p><span style=\"color: #000000;\">Massagen bieten eine Vielzahl von Vorteilen und positiven Wirkungen auf K\u00f6rper.<\/span><\/p><p style=\"padding-left: 40px;\"><br \/><span style=\"color: #000000;\">\u2022 Entspannung: Massagen f\u00f6rdern die Entspannung der Muskulatur und des gesamten K\u00f6rpers. Sie helfen, Stress<\/span><br \/><span style=\"color: #000000;\">abzubauen und ein Gef\u00fchl der Ruhe und Gelassenheit zu erzeugen.<\/span><\/p><p style=\"padding-left: 40px;\"><br \/><span style=\"color: #000000;\">\u2022 Schmerzlinderung: Durch gezielte Drucktechniken k\u00f6nnen Verspannungen und Schmerzen in Muskeln und Gelenken<\/span><br \/><span style=\"color: #000000;\">gelindert werden.<\/span><\/p><p style=\"padding-left: 40px;\"><br \/><span style=\"color: #000000;\">\u2022 Verbesserung der Durchblutung: Massagen regen die Blutzirkulation an, was die Versorgung der Gewebe mit<\/span><br \/><span style=\"color: #000000;\">Sauerstoff und N\u00e4hrstoffen verbessert und den Abtransport von Abfallstoffen f\u00f6rdert.<\/span><\/p><p style=\"padding-left: 40px;\"><br \/><span style=\"color: #000000;\">\u2022 St\u00e4rkung des Immunsystems: Regelm\u00e4\u00dfige Massagen k\u00f6nnen das Immunsystem unterst\u00fctzen, indem sie<\/span><br \/><span style=\"color: #000000;\">Stresshormone reduzieren und die Produktion von Immunzellen f\u00f6rdern.<\/span><\/p><p style=\"padding-left: 40px;\"><br \/><span style=\"color: #000000;\">\u2022 F\u00f6rderung der Heilung: Nach Verletzungen oder Operationen kann eine Massage die Heilung unterst\u00fctzen, indem sie<\/span><br \/><span style=\"color: #000000;\">die Durchblutung und den Stoffwechsel im betroffenen Bereich anregt.<\/span><\/p><p><br \/><span style=\"color: #000000;\">Insgesamt sind Massagen eine wertvolle Methode zur F\u00f6rderung der k\u00f6rperlichen Gesundheit. Sie k\u00f6nnen sowohl zur<\/span><br \/><span style=\"color: #000000;\">Entspannung als auch zur Behandlung spezifischer Beschwerden eingesetzt werden und tragen dazu bei, das allgemeine<\/span><br \/><span style=\"color: #000000;\">Wohlbefinden zu steigern.<\/span><\/p>\t\t\t\t\t\t\t\t<\/div>\n\t\t\t\t<\/div>\n\t\t\t\t\t<\/div>\n\t\t\t\t<\/div>\n\t\t\t\t<\/div>\n\t\t","protected":false},"excerpt":{"rendered":"<p>Massage Massagen bieten eine Vielzahl von Vorteilen und positiven Wirkungen auf K\u00f6rper. \u2022 Entspannung: Massagen f\u00f6rdern die Entspannung der Muskulatur und des gesamten K\u00f6rpers. Sie helfen, Stressabzubauen und ein..<\/p>\n","protected":false},"author":1,"featured_media":0,"parent":0,"menu_order":0,"comment_status":"closed","ping_status":"closed","template":"","meta":{"footnotes":""},"class_list":["post-67392","page","type-page","status-publish","hentry"],"_links":{"self":[{"href":"https:\/\/tierphysio-deeke.de\/index.php?rest_route=\/wp\/v2\/pages\/67392","targetHints":{"allow":["GET"]}}],"collection":[{"href":"https:\/\/tierphysio-deeke.de\/index.php?rest_route=\/wp\/v2\/pages"}],"about":[{"href":"https:\/\/tierphysio-deeke.de\/index.php?rest_route=\/wp\/v2\/types\/page"}],"author":[{"embeddable":true,"href":"https:\/\/tierphysio-deeke.de\/index.php?rest_route=\/wp\/v2\/users\/1"}],"replies":[{"embeddable":true,"href":"https:\/\/tierphysio-deeke.de\/index.php?rest_route=%2Fwp%2Fv2%2Fcomments&post=67392"}],"version-history":[{"count":4,"href":"https:\/\/tierphysio-deeke.de\/index.php?rest_route=\/wp\/v2\/pages\/67392\/revisions"}],"predecessor-version":[{"id":67546,"href":"https:\/\/tierphysio-deeke.de\/index.php?rest_route=\/wp\/v2\/pages\/67392\/revisions\/67546"}],"wp:attachment":[{"href":"https:\/\/tierphysio-deeke.de\/index.php?rest_route=%2Fwp%2Fv2%2Fmedia&parent=67392"}],"curies":[{"name":"wp","href":"https:\/\/api.w.org\/{rel}","templated":true}]}}